{"id":18,"date":"2025-10-31T03:30:20","date_gmt":"2025-10-31T03:30:20","guid":{"rendered":"http:\/\/stolarniakrakow.com\/?page_id=18"},"modified":"2025-10-31T03:33:00","modified_gmt":"2025-10-31T03:33:00","slug":"stolarnia-krakow","status":"publish","type":"page","link":"https:\/\/stolarniakrakow.com\/","title":{"rendered":"Stolarnia Krakow"},"content":{"rendered":"\n<div class=\"wp-block-cover alignfull has-custom-content-position is-position-bottom-center\" style=\"margin-top:0;margin-bottom:0;padding-top:var(--wp--preset--spacing--50);padding-right:var(--wp--preset--spacing--50);padding-bottom:var(--wp--preset--spacing--50);padding-left:var(--wp--preset--spacing--50);min-height:840px;aspect-ratio:unset;\"><img loading=\"lazy\" decoding=\"async\" width=\"1024\" height=\"683\" class=\"wp-block-cover__image-background wp-image-19 size-large\" alt=\"\" src=\"http:\/\/stolarniakrakow.com\/wp-content\/uploads\/2025\/10\/Designer-1024x683.png\" data-object-fit=\"cover\" srcset=\"https:\/\/stolarniakrakow.com\/wp-content\/uploads\/2025\/10\/Designer-1024x683.png 1024w, https:\/\/stolarniakrakow.com\/wp-content\/uploads\/2025\/10\/Designer-300x200.png 300w, https:\/\/stolarniakrakow.com\/wp-content\/uploads\/2025\/10\/Designer-768x512.png 768w, https:\/\/stolarniakrakow.com\/wp-content\/uploads\/2025\/10\/Designer.png 1536w\" sizes=\"auto, (max-width: 1024px) 100vw, 1024px\" \/><span aria-hidden=\"true\" class=\"wp-block-cover__background has-background-dim-10 has-background-dim\"><\/span><div class=\"wp-block-cover__inner-container has-global-padding is-layout-constrained wp-container-core-cover-is-layout-d89aad35 wp-block-cover-is-layout-constrained\">\n<div class=\"wp-block-group alignwide has-global-padding is-content-justification-left is-layout-constrained wp-container-core-group-is-layout-12dd3699 wp-block-group-is-layout-constrained\">\n<h2 class=\"wp-block-heading has-text-align-left has-xx-large-font-size\">Stolarnia Krak\u00f3w <\/h2>\n\n\n\n<p>Od ponad 30 lat tworzymy wyj\u0105tkowe rozwi\u0105zania z drewna, \u0142\u0105cz\u0105c rzemie\u015blnicz\u0105 tradycj\u0119 z nowoczesnym podej\u015bciem. Nasza stolarnia dzia\u0142a nieprzerwanie od 1990 roku, \u015bwiadcz\u0105c us\u0142ugi na najwy\u017cszym poziomie.<\/p>\n\n\n\n<div class=\"wp-block-buttons is-layout-flex wp-block-buttons-is-layout-flex\">\n<div class=\"wp-block-button\"><a class=\"wp-block-button__link wp-element-button\">Learn more<\/a><\/div>\n<\/div>\n<\/div>\n<\/div><\/div>\n\n\n\n<div class=\"wp-block-group alignfull is-style-section-5 has-global-padding is-layout-constrained wp-block-group-is-layout-constrained is-style-section-5--1\" style=\"margin-top:0;margin-bottom:0;padding-top:var(--wp--preset--spacing--50);padding-bottom:var(--wp--preset--spacing--50)\">\n<div class=\"wp-block-columns alignwide is-layout-flex wp-container-core-columns-is-layout-7ee84d44 wp-block-columns-is-layout-flex\">\n<div class=\"wp-block-column is-vertically-aligned-center is-layout-flow wp-block-column-is-layout-flow\" style=\"flex-basis:50%\">\n<h2 class=\"wp-block-heading\"><strong>Specjalizujemy si\u0119 w:<\/strong><\/h2>\n\n\n\n<p class=\"has-medium-font-size\"><\/p>\n\n\n\n<ul class=\"wp-block-list\">\n<li>Obr\u00f3bce drewna z dba\u0142o\u015bci\u0105 o ka\u017cdy detal <\/li>\n\n\n\n<li>Obr\u00f3bce p\u0142yt meblowych <\/li>\n\n\n\n<li>Formatowaniu materia\u0142u dostarczonego przez klienta <\/li>\n\n\n\n<li>Przygotowaniu na wymiar konkretnych element\u00f3w <\/li>\n\n\n\n<li>Realizacji nietypowych i indywidualnych zlece\u0144 <\/li>\n\n\n\n<li>Przer\u00f3bkach i naprawach mebli <\/li>\n\n\n\n<li>Tworzeniu mebli na wymiar oraz element\u00f3w dekoracyjnych<\/li>\n<\/ul>\n\n\n\n<p class=\"has-medium-font-size\"><\/p>\n<\/div>\n\n\n\n<div class=\"wp-block-column is-vertically-aligned-center is-layout-flow wp-block-column-is-layout-flow\" style=\"flex-basis:50%\">\n<figure class=\"wp-block-image size-full\"><img loading=\"lazy\" decoding=\"async\" width=\"1280\" height=\"923\" src=\"http:\/\/stolarniakrakow.com\/wp-content\/uploads\/2025\/10\/g376b4722965171ac6f66d04fa9f4e96308f391e7ad1535744e525175481ded96ca656969f6c68a0e4c9460a9528fdadf22b8688df45a203385baffa5240587b3_1280-2423826.jpg\" alt=\"tools, carpenter, wood, carpenter, carpenter, carpenter, carpenter, carpenter\" class=\"wp-image-22\" style=\"aspect-ratio:1;object-fit:cover\" srcset=\"https:\/\/stolarniakrakow.com\/wp-content\/uploads\/2025\/10\/g376b4722965171ac6f66d04fa9f4e96308f391e7ad1535744e525175481ded96ca656969f6c68a0e4c9460a9528fdadf22b8688df45a203385baffa5240587b3_1280-2423826.jpg 1280w, https:\/\/stolarniakrakow.com\/wp-content\/uploads\/2025\/10\/g376b4722965171ac6f66d04fa9f4e96308f391e7ad1535744e525175481ded96ca656969f6c68a0e4c9460a9528fdadf22b8688df45a203385baffa5240587b3_1280-2423826-300x216.jpg 300w, https:\/\/stolarniakrakow.com\/wp-content\/uploads\/2025\/10\/g376b4722965171ac6f66d04fa9f4e96308f391e7ad1535744e525175481ded96ca656969f6c68a0e4c9460a9528fdadf22b8688df45a203385baffa5240587b3_1280-2423826-1024x738.jpg 1024w, https:\/\/stolarniakrakow.com\/wp-content\/uploads\/2025\/10\/g376b4722965171ac6f66d04fa9f4e96308f391e7ad1535744e525175481ded96ca656969f6c68a0e4c9460a9528fdadf22b8688df45a203385baffa5240587b3_1280-2423826-768x554.jpg 768w\" sizes=\"auto, (max-width: 1280px) 100vw, 1280px\" \/><\/figure>\n<\/div>\n<\/div>\n<\/div>\n\n\n\n<div class=\"wp-block-group alignfull has-global-padding is-layout-constrained wp-block-group-is-layout-constrained\" style=\"margin-top:0;margin-bottom:0\">\n<div class=\"wp-block-group alignwide is-layout-grid wp-container-core-group-is-layout-5fdb10e5 wp-block-group-is-layout-grid\" style=\"padding-top:var(--wp--preset--spacing--50);padding-bottom:var(--wp--preset--spacing--50)\">\n<div class=\"wp-block-group wp-container-content-5fd69529 is-vertical is-content-justification-stretch is-nowrap is-layout-flex wp-container-core-group-is-layout-627337ab wp-block-group-is-layout-flex\">\n<div class=\"wp-block-group is-vertical is-content-justification-left is-layout-flex wp-container-core-group-is-layout-dd225191 wp-block-group-is-layout-flex\">\n<h2 class=\"wp-block-heading is-style-text-annotation is-style-text-annotation--2\">Skontaktuj si\u0119 z nami<\/h2>\n\n\n\n<p><\/p>\n\n\n\n<p class=\"is-style-text-subtitle is-style-text-subtitle--3\">Masz pytania, chcesz z\u0142o\u017cy\u0107 zam\u00f3wienie lub om\u00f3wi\u0107 szczeg\u00f3\u0142y projektu? Jeste\u015bmy do Twojej dyspozycji!<\/p>\n\n\n\n<p class=\"is-style-text-subtitle is-style-text-subtitle--4\"><strong>Dane kontaktowe<\/strong><\/p>\n\n\n\n<p class=\"is-style-text-subtitle is-style-text-subtitle--5\"><strong>E-mail:<\/strong> <strong>stolarnia.krakow@gmail.com<\/strong><\/p>\n\n\n\n<p><strong>Adres:<\/strong> ul. Mokra 9B, 30-690 Krak\u00f3w<\/p>\n\n\n\n<p><strong>Telefon:<\/strong> 509 763 058 <\/p>\n\n\n\n<p><strong>Telefon:<\/strong>+12 658 15 52<\/p>\n\n\n\n<div class=\"wp-block-uagb-container uagb-block-47959b89 alignfull uagb-is-root-container\"><div class=\"uagb-container-inner-blocks-wrap\"><\/div><\/div>\n<\/div>\n<\/div>\n\n\n\n<iframe src=\"https:\/\/www.google.com\/maps\/embed?pb=!1m18!1m12!1m3!1d20507.086380982615!2d19.94108659868049!3d50.022866349425435!2m3!1f0!2f0!3f0!3m2!1i1024!2i768!4f13.1!3m3!1m2!1s0x47164342046f678d%3A0x64305b25e4b2ff2c!2sKocio%C5%82ek%20Marian.%20Pracownia%20stolarska!5e0!3m2!1spl!2spl!4v1761881115940!5m2!1spl!2spl\" width=\"600\" height=\"450\" style=\"border:0;\" allowfullscreen=\"\" loading=\"lazy\" referrerpolicy=\"no-referrer-when-downgrade\"><\/iframe>\n<\/div>\n<\/div>\n\n\n\n<div class=\"wp-block-group alignfull has-global-padding is-layout-constrained wp-block-group-is-layout-constrained\" style=\"margin-top:0;margin-bottom:0\"><\/div>\n\n\n\n<div class=\"wp-block-group alignfull has-global-padding is-layout-constrained wp-container-core-group-is-layout-08655630 wp-block-group-is-layout-constrained\" style=\"margin-top:0;margin-bottom:0;padding-top:var(--wp--preset--spacing--80);padding-bottom:var(--wp--preset--spacing--80)\"><\/div>\n","protected":false},"excerpt":{"rendered":"<p>Specjalizujemy si\u0119 w: Skontaktuj si\u0119 z nami Masz pytania, chcesz z\u0142o\u017cy\u0107 zam\u00f3wienie lub om\u00f3wi\u0107 szczeg\u00f3\u0142y projektu? Jeste\u015bmy do Twojej dyspozycji! Dane kontaktowe E-mail: stolarnia.krakow@gmail.com Adres: ul. Mokra 9B, 30-690 Krak\u00f3w Telefon: 509 763 058 Telefon:+12 658 15 52<\/p>\n","protected":false},"author":1,"featured_media":0,"parent":0,"menu_order":0,"comment_status":"closed","ping_status":"closed","template":"","meta":{"_uag_custom_page_level_css":"","footnotes":""},"class_list":["post-18","page","type-page","status-publish","hentry"],"uagb_featured_image_src":{"full":false,"thumbnail":false,"medium":false,"medium_large":false,"large":false,"1536x1536":false,"2048x2048":false},"uagb_author_info":{"display_name":"admin9752","author_link":"https:\/\/stolarniakrakow.com\/index.php\/author\/admin9752\/"},"uagb_comment_info":0,"uagb_excerpt":"Specjalizujemy si\u0119 w: Skontaktuj si\u0119 z nami Masz pytania, chcesz z\u0142o\u017cy\u0107 zam\u00f3wienie lub om\u00f3wi\u0107 szczeg\u00f3\u0142y projektu? Jeste\u015bmy do Twojej dyspozycji! Dane kontaktowe E-mail: stolarnia.krakow@gmail.com Adres: ul. Mokra 9B, 30-690 Krak\u00f3w Telefon: 509 763 058 Telefon:+12 658 15 52","_links":{"self":[{"href":"https:\/\/stolarniakrakow.com\/index.php\/wp-json\/wp\/v2\/pages\/18","targetHints":{"allow":["GET"]}}],"collection":[{"href":"https:\/\/stolarniakrakow.com\/index.php\/wp-json\/wp\/v2\/pages"}],"about":[{"href":"https:\/\/stolarniakrakow.com\/index.php\/wp-json\/wp\/v2\/types\/page"}],"author":[{"embeddable":true,"href":"https:\/\/stolarniakrakow.com\/index.php\/wp-json\/wp\/v2\/users\/1"}],"replies":[{"embeddable":true,"href":"https:\/\/stolarniakrakow.com\/index.php\/wp-json\/wp\/v2\/comments?post=18"}],"version-history":[{"count":2,"href":"https:\/\/stolarniakrakow.com\/index.php\/wp-json\/wp\/v2\/pages\/18\/revisions"}],"predecessor-version":[{"id":23,"href":"https:\/\/stolarniakrakow.com\/index.php\/wp-json\/wp\/v2\/pages\/18\/revisions\/23"}],"wp:attachment":[{"href":"https:\/\/stolarniakrakow.com\/index.php\/wp-json\/wp\/v2\/media?parent=18"}],"curies":[{"name":"wp","href":"https:\/\/api.w.org\/{rel}","templated":true}]}}